{"id":3684,"date":"2026-04-13T18:51:33","date_gmt":"2026-04-13T16:51:33","guid":{"rendered":"https:\/\/abs2013.skautabs.cz\/?page_id=3684"},"modified":"2026-04-14T11:50:07","modified_gmt":"2026-04-14T09:50:07","slug":"about-skaut-abs","status":"publish","type":"page","link":"https:\/\/abs2013.skautabs.cz\/?page_id=3684","title":{"rendered":"About Skaut ABS"},"content":{"rendered":"<div class=\"wp-block-image\">\r\n<figure class=\"alignright size-full\"><img loading=\"lazy\" decoding=\"async\" width=\"125\" height=\"150\" class=\"wp-image-2426\" src=\"https:\/\/abs2013.skautabs.cz\/wp-content\/uploads\/lilie-ABS-zluto-modra-web.png\" alt=\"\" \/><\/figure>\r\n<\/div>\r\n\r\n\r\n<div class=\"wp-block-group is-nowrap is-layout-flex wp-container-core-group-is-layout-ad2f72ca wp-block-group-is-layout-flex\">\r\n<p><strong>SKAUT \u2013 Czech Scouting ABS<\/strong> (hereinafter SKAUT ABS) is an association that builds upon the finest traditions of Czech Scouting, stands on values that have shaped generations of young people for more than a century. We find inspiration in the work of Professor Antonin Benjamin Svojsik (hence the acronym ABS in our name), the founder of Czech scouting, as well asthe influence of other key figures who were unafraid to stand for truth and freedom\u2014whether they were troop leaders, officials, or ordinary scouts who stood at the forefront of resistance and national defense during defining moments in history.<\/p>\r\n<\/div>\r\n\r\n\r\n\r\n\r\n\r\n<p>&nbsp;<\/p>\r\n\r\n\r\n\r\n<p class=\"has-text-align-left\"><strong>SKAUT ABS<\/strong> was established out of a need to preserve and develop the traditional values of\u00a0the\u00a0Scout Movement: honor, service, courage, friendship, and a love for nature. We strive to\u00a0provide safe space where young people can grow in character, learn independence, and discover the joy of both cooperation and adventure.<\/p>\r\n\r\n\r\n\r\n<p>&nbsp;<\/p>\r\n\r\n\r\n\r\n<div class=\"wp-block-group is-nowrap is-layout-flex wp-container-core-group-is-layout-ad2f72ca wp-block-group-is-layout-flex\">\r\n<p class=\"has-text-align-left\">Our goal is for scouting to be more than just a leisure activity; it is a way of life that leads to\u00a0responsibility, a willingness to help others, and the ability to stand up for what is right\u2014just as\u00a0generations of scouts before us have done.<\/p>\r\n<p>&nbsp;<\/p>\r\n\r\n\r\n\r\n<p>&nbsp;<\/p>\r\n<\/div>\r\n\r\n\r\n\r\n<p>&nbsp;<\/p>\r\n<p class=\"has-text-align-left\"><strong>SKAUT ABS<\/strong> is a community that honors tradition while looking forward. We build on firm foundations to safely guide future generations on their journey of discovering the world, nature, and themselves.<\/p>\r\n<p>&nbsp;<\/p>\r\n\r\n\r\n\r\n<p><b>SKAUT ABS Chair Committee:<\/b><\/p>\r\n\r\n\r\n\r\n<p>President <i><b>br. Radek Vesel\u00fd \u2013 Ovsik<\/b><\/i><\/p>\r\n\r\n\r\n\r\n<p style=\"padding-left: 40px;\">(from group Lesn\u00ed moudrost Brno) also appointed as Treasurer<\/p>\r\n\r\n\r\n\r\n<p>Vice-president: <i><b>br. Joel Cuce<\/b><\/i><\/p>\r\n\r\n\r\n\r\n<p style=\"padding-left: 40px;\">(from Group P\u011btilist\u00e9 r\u016f\u017ee Jind\u0159ich\u016fv Hradec)<\/p>\r\n\r\n\r\n\r\n<p>Chief Scout: <i><b>br. Tom\u00e1\u0161 Reichl \u2013 Tom<\/b><\/i><\/p>\r\n\r\n\r\n\r\n<p style=\"padding-left: 40px;\">(from group Lesn\u00ed moudrost Brno)<\/p>\r\n\r\n\r\n\r\n<p>Vice-Chief Scout: <i><b>br. Zden\u011bk Klime\u0161 \u2013 Google<\/b><\/i><\/p>\r\n\r\n\r\n\r\n<p style=\"padding-left: 40px;\">(from group Lesn\u00ed moudrost Brno)also appointed as International Comissioner<\/p>\r\n\r\n\r\n\r\n<p>Chief Guide: <i><b>sis. Jitka Martinkovi\u010dov\u00e1<\/b><\/i><\/p>\r\n\r\n\r\n\r\n<p style=\"padding-left: 40px;\">(from group Tilia Neslovice)<\/p>\r\n\r\n\r\n\r\n<p>Vice-Chief Guide: <i><b>sis. Michaela \u0160ebkov\u00e1 \u2013 Tica<\/b><\/i><\/p>\r\n\r\n\r\n\r\n<p style=\"padding-left: 40px;\">(from group Lesn\u00ed moudrost Brno)<\/p>\r\n\r\n\r\n\r\n<p class=\"is-nowrap is-layout-flex wp-container-core-group-is-layout-ad2f72ca wp-block-group-is-layout-flex\">&nbsp;<\/p>\r\n<div class=\"wp-block-group\">\r\n<p class=\"has-text-align-left\">We are proud members of the <a href=\"https:\/\/wfis-europe.org\/\"><span style=\"color: #00a933;\"><b>W<\/b><\/span><span style=\"color: #00a933;\"><b>orld <\/b><\/span><span style=\"color: #00a933;\"><b>F<\/b><\/span><span style=\"color: #00a933;\"><b>eferation of <\/b><\/span><span style=\"color: #00a933;\"><b>I<\/b><\/span><span style=\"color: #00a933;\"><b>ndependent <\/b><\/span><span style=\"color: #00a933;\"><b>S<\/b><\/span><span style=\"color: #00a933;\"><b>couts<\/b><\/span><\/a> (hereinafter WFIS), a\u00a0membership we have held since 2007. Following an initial two-year probationary period, we have been full members since 2009. For us, this membership has two main sides. The first is our duty to\u00a0keep Scout traditions and values alive, while making sure they stay relevant today and help prepare young people for the future. The second side is strengthening international sisterhood and brotherhood through personal bonds, Woodbeads courses, and events like EuroCamps and RoverMoots.<\/p>\r\n<p>&nbsp;<\/p>\r\n<\/div>\r\n\r\n\r\n\r\n<p class=\"has-text-align-left\"><b>SKAUT ABS includes the following groups and troops:<\/b><\/p>\r\n\r\n\r\n<div class=\"wp-block-image\">\r\n<figure class=\"alignright size-full\"><img loading=\"lazy\" decoding=\"async\" width=\"111\" height=\"200\" class=\"wp-image-3660\" src=\"https:\/\/abs2013.skautabs.cz\/wp-content\/uploads\/wfis-logo.png\" alt=\"\" \/><\/figure>\r\n<\/div>\r\n\r\n\r\n<p>group <a href=\"https:\/\/lesni-moudrost-brno.webnode.cz\/about-us-english\/\"><i><b>Lesn\u00ed moudrost<\/b><\/i><\/a> (\u201cWoodcraft\u201c) \u2013 Brno<\/p>\r\n\r\n\r\n\r\n<p style=\"padding-left: 40px;\"><a href=\"https:\/\/slunecnice.estranky.cz\/\"><i><b>Slune\u010dnice<\/b><\/i><\/a> (\u201cSunflowers\u201c) Guide troop Brno<\/p>\r\n\r\n\r\n\r\n<p style=\"padding-left: 40px;\"><a href=\"https:\/\/stopari-brno.webnode.cz\/english-about-us\/\"><i><b>Stopa\u0159i<\/b><\/i> <\/a>\u00a0(\u201cPathfinders\u201c) Scout troop Brno<\/p>\r\n\r\n\r\n\r\n<p style=\"padding-left: 40px;\"><i><b>Vlci<\/b><\/i> (\u201cWolves\u201c) Old Scout troop Brno<\/p>\r\n\r\n\r\n\r\n<p style=\"padding-left: 40px;\"><a href=\"https:\/\/www.racekpraha.eu\/\"><i><b>Odd\u00edl svat\u00e9ho Ji\u0159\u00ed<\/b><\/i><\/a> (\u201cSt. George\u2019s Troop\u201c) Scout and Guide troop Prague<\/p>\r\n\r\n\r\n\r\n<p>&nbsp;<\/p>\r\n<p>group <i><b>P\u011btilist\u00e9 r\u016f\u017ee<\/b><\/i> (\u201cFive-Petal Rose\u201c) \u2013 Jind\u0159ich\u016fv Hradec<\/p>\r\n\r\n\r\n\r\n<p style=\"padding-left: 40px;\"><a href=\"http:\/\/www.dvojka.unas.cz\/\"><i><b>Dvojka<\/b><\/i> <\/a>(\u201cScond\u201c) Guide troop Jind\u0159ich\u016fv Hradec<\/p>\r\n\r\n\r\n\r\n<p style=\"padding-left: 40px;\"><a href=\"http:\/\/sedmicka.8u.cz\/www\/main\/cat_home\"><i><b>S<\/b><\/i><i><b>edmi\u010dka<\/b><\/i> <\/a>(\u201cSeventh\u201c) Scout troop Jind\u0159ich\u016fv Hradec<\/p>\r\n\r\n\r\n\r\n<p style=\"padding-left: 40px;\"><a href=\"https:\/\/www.desitkajh.cz\/\"><i><b>Des\u00edtka<\/b><\/i><\/a> (\u201cTenth\u201c) Scout groop Jind\u0159ich\u016fv Hradec<\/p>\r\n\r\n\r\n\r\n<p>&nbsp;<\/p>\r\n<p>group <a href=\"https:\/\/tilianeslovice.maweb.eu\/\"><i><b>Tilia<\/b><\/i> <\/a>(\u201cLinden tree\u201c) \u2013 Neslovice<\/p>\r\n\r\n\r\n\r\n<p style=\"padding-left: 40px;\"><i><b>Jest\u0159\u00e1bi<\/b><\/i> (\u201cHawks\u201c) Scout troop Neslovice<\/p>\r\n\r\n\r\n\r\n<p style=\"padding-left: 40px;\"><i><b>Jit\u0159enky<\/b><\/i> (\u201cMorning Stars\u201c) Guide troop Neslovice<\/p>\r\n\r\n\r\n\r\n<p>&nbsp;<\/p>\r\n<p>group <i><b>Javor<\/b><\/i> (\u201cMaple tree\u201c) \u2013 Nov\u00e1 Role near KarlovyVary<\/p>\r\n\r\n\r\n\r\n<p>&nbsp;<\/p>\r\n<p class=\"has-text-align-left\">We are always open to building new friendships across borders. Our groups and troops are eager to connect through exchange visits at our scout huts, joint Rover projects, or shared adventures.<\/p>\r\n\r\n\r\n\r\n<p>&nbsp;<\/p>\r\n<p class=\"has-text-align-left\">Whether you are interested in a formal partnership or are a scout tourist passing through the Czech Republic, you are more than welcome to visit our campsites and clubhouses.<\/p>\r\n\r\n\r\n\r\n<p>&nbsp;<\/p>\r\n<p class=\"has-text-align-left\">If you would like to meet us or visit, please feel free to contact our individual groups or troop directly or reach out to our <b>International Comissioner<\/b>: Zden\u011bk Klime\u0161 \u2013 Google (e-mail: googleen@email.cz).<\/p>\r\n\r\n\r\n\r\n<p>&nbsp;<\/p>\r\n<p class=\"has-text-align-left\"><strong>We look forward to meeting you and sharing the spirit of scouting together!<\/strong><\/p>\r\n","protected":false},"excerpt":{"rendered":"<p>SKAUT \u2013 Czech Scouting ABS (hereinafter SKAUT ABS) is an association that builds upon the finest traditions of Czech Scouting, stands on values that have shaped generations of young people for more than a century. We find inspiration in the &hellip; <a href=\"https:\/\/abs2013.skautabs.cz\/?page_id=3684\">Cel\u00fd p\u0159\u00edsp\u011bvek <span class=\"meta-nav\">&rarr;<\/span><\/a><\/p>\n","protected":false},"author":54,"featured_media":0,"parent":0,"menu_order":0,"comment_status":"closed","ping_status":"closed","template":"","meta":{"footnotes":""},"class_list":["post-3684","page","type-page","status-publish","hentry"],"_links":{"self":[{"href":"https:\/\/abs2013.skautabs.cz\/index.php?rest_route=\/wp\/v2\/pages\/3684","targetHints":{"allow":["GET"]}}],"collection":[{"href":"https:\/\/abs2013.skautabs.cz\/index.php?rest_route=\/wp\/v2\/pages"}],"about":[{"href":"https:\/\/abs2013.skautabs.cz\/index.php?rest_route=\/wp\/v2\/types\/page"}],"author":[{"embeddable":true,"href":"https:\/\/abs2013.skautabs.cz\/index.php?rest_route=\/wp\/v2\/users\/54"}],"replies":[{"embeddable":true,"href":"https:\/\/abs2013.skautabs.cz\/index.php?rest_route=%2Fwp%2Fv2%2Fcomments&post=3684"}],"version-history":[{"count":35,"href":"https:\/\/abs2013.skautabs.cz\/index.php?rest_route=\/wp\/v2\/pages\/3684\/revisions"}],"predecessor-version":[{"id":3741,"href":"https:\/\/abs2013.skautabs.cz\/index.php?rest_route=\/wp\/v2\/pages\/3684\/revisions\/3741"}],"wp:attachment":[{"href":"https:\/\/abs2013.skautabs.cz\/index.php?rest_route=%2Fwp%2Fv2%2Fmedia&parent=3684"}],"curies":[{"name":"wp","href":"https:\/\/api.w.org\/{rel}","templated":true}]}}